{"id":5617,"date":"2017-04-08T22:56:09","date_gmt":"2017-04-08T22:56:09","guid":{"rendered":"http:\/\/www.bach-competition.de\/masterclasses\/"},"modified":"2024-06-26T07:13:33","modified_gmt":"2024-06-26T07:13:33","slug":"masterclasses","status":"publish","type":"page","link":"https:\/\/www.bach-competition.de\/de\/masterclasses\/","title":{"rendered":"Klavierkurse"},"content":{"rendered":"<div id='av_section_1'  class='avia-section av-lrp4bryx-29602afb50e0e7c73cc3a7e6544026a2 main_color avia-section-default avia-no-border-styling  avia-builder-el-0  el_before_av_section  avia-builder-el-first  avia-bg-style-scroll container_wrap fullsize'  ><div class='container av-section-cont-open' ><main  role=\"main\" itemprop=\"mainContentOfPage\"  class='template-page content  av-content-full alpha units'><div class='post-entry post-entry-type-page post-entry-5617'><div class='entry-content-wrapper clearfix'>\n<div  class='flex_column av-av_one_full-7c009bd1f92d9d96958f8bb0734cda24 av_one_full  avia-builder-el-1  avia-builder-el-no-sibling  first flex_column_div  '     ><section  class='av_textblock_section av-lxn5h3u1-5855d99bbb136156411ad3212c665efc '   itemscope=\"itemscope\" itemtype=\"https:\/\/schema.org\/CreativeWork\" ><div class='avia_textblock'  itemprop=\"text\" ><h4>Pr\u00e4senz und\/oder Online-Klavier-Meisterkurse zur Bach-Interpretation<\/h4>\n<h5>Prof. Inge Rosar und Dr. Kirill Monorosi<\/h5>\n<p><strong>Die Teilnahme an den Bachkursen ist keine Voraussetzung f\u00fcr die Teilnahme am Wettbewerb und hat keinen Einfluss auf das Abstimmungsverfahren!<\/strong><\/p>\n<p><strong>Jedes Jurymitglied, das einen Kandidaten 2 Jahre vor dem Wettbewerb unterrichtet hat, darf nicht f\u00fcr diesen Kandidaten stimmen!<\/strong><\/p>\n<\/div><\/section><\/div>\n\n<\/div><\/div><\/main><!-- close content main element --><\/div><\/div>\n<style type=\"text\/css\" data-created_by=\"avia_inline_auto\" id=\"style-css-av-av_section-fc7d079c1e77d0e176b831bcf8a5fa54\">\n.avia-section.av-av_section-fc7d079c1e77d0e176b831bcf8a5fa54{\nbackground-color:#dfe0e4;\nbackground-image:unset;\n}\n<\/style>\n<div id='av_section_2'  class='avia-section av-av_section-fc7d079c1e77d0e176b831bcf8a5fa54 main_color avia-section-default avia-no-border-styling  avia-builder-el-3  el_after_av_section  el_before_av_section  avia-bg-style-scroll container_wrap fullsize'  ><div class='container av-section-cont-open' ><div class='template-page content  av-content-full alpha units'><div class='post-entry post-entry-type-page post-entry-5617'><div class='entry-content-wrapper clearfix'>\n<div  class='flex_column av-av_one_half-7c009bd1f92d9d96958f8bb0734cda24 av_one_half  avia-builder-el-4  el_before_av_one_half  avia-builder-el-first  first flex_column_div  '     ><section  class='av_textblock_section av-av_textblock-3075de6d7c3e4cfd3ab9952a254a45ef '   itemscope=\"itemscope\" itemtype=\"https:\/\/schema.org\/CreativeWork\" ><div class='avia_textblock'  itemprop=\"text\" ><h4>Der Kurs wird angeboten f\u00fcr:<br \/>\nPianisten, Lehrer, Studenten, interessierte Amateure<\/h4>\n<h5>Gestaltung der Klavierwerke von J. S. Bach auf dem modernen Klavier, Probleme und Chancen<\/h5>\n<p>Jeder Pianist erh\u00e4lt 2 Stunden (2 x 60 Minuten) Unterricht an zwei Tagen.<br \/>\nEine Unterrichtsstunde pro Tag.<br \/>\nMindestteilnehmerzahl: 4 Pianisten \/ Pianistinnen.<\/p>\n<h4>Erw\u00fcnschtes Repertoire f\u00fcr aktive Teilnehmer:<\/h4>\n<p>eine oder mehrere originale Werke f\u00fcr Klavier von J. S. Bach<br \/>\n(bitte vermeiden: Italienisches Konzert<br \/>\nund Chromatische Fantasie &#038; Fuge)<\/p>\n<p>(Es wird empfohlen, den Unterricht der anderen Meisterkursteilnehmer zu h\u00f6ren.)<\/p>\n<p>Sprachen: Deutsch, Englisch<\/p>\n<p><strong>Geb\u00fchr: \u20ac200 \/ Person<\/strong><\/p>\n<\/div><\/section><br \/>\n<section  class='av_textblock_section av-av_textblock-3075de6d7c3e4cfd3ab9952a254a45ef '   itemscope=\"itemscope\" itemtype=\"https:\/\/schema.org\/CreativeWork\" ><div class='avia_textblock'  itemprop=\"text\" ><h1><\/h1>\n<h4><\/h4>\n<h4>Information\/Anmeldung:<\/h4>\n<p>Dr. Kirill Monorosi<br \/>\n<strong><a href=\"mailto:kirill.monorosi@sydney.edu.au\">kirill.monorosi@sydney.edu.au<\/a><\/strong><\/p>\n<p>Prof. Inge Rosar<br \/>\n<strong><a href=\"mailto:bach@thebachproject.de\">bach@thebachproject.de<\/a><\/strong><\/p>\n<h1><\/h1>\n<h4><\/h4>\n<h4 style=\"text-align: left;\"><\/h4>\n<h1><\/h1>\n<\/div><\/section><\/p><\/div><div  class='flex_column av-av_one_half-996a46e18e220f9c516c58236e24bfc9 av_one_half  avia-builder-el-7  el_after_av_one_half  avia-builder-el-last  flex_column_div  '     ><section  class='av_textblock_section av-lxvi1arb-52d3e803cbea9fdbabc939509cde05ad '   itemscope=\"itemscope\" itemtype=\"https:\/\/schema.org\/CreativeWork\" ><div class='avia_textblock'  itemprop=\"text\" ><p>Diese Kurse sollen die Wertsch\u00e4tzung und die vertiefte Auseinandersetzung mit den Klavierkompositionen von J. S. Bach f\u00f6rdern. Dies wird erreicht, wenn die textlichen und stilistischen Anforderungen der Literatur mit den pers\u00f6nlichen Interpretationsf\u00e4higkeiten des Pianisten in Kontakt kommen und in Beziehung gesetzt werden.<br \/>\nDie Kurse sind Kombinationskurse, die sowohl einen Meisterkurs mit Bach-Repertoire anbieten als auch weiterf\u00fchrende Informationen aus den Bach Seminaren vermitteln. Teilnehmende haben die M\u00f6glichkeit, die im Seminar pr\u00e4sentierten Informationen in der Praxis auszuprobieren und diesen Prozess bei anderen Pianisten zu beobachten, wobei der Austausch mit anderen Pianisten w\u00e4hrend des Kurses in Form von Ideen, Hilfen, Diskussionen f\u00fcr den Lernprozess wichtig ist.<\/p>\n<h4>Es werden folgende musikalische Parameter bearbeitet:<\/h4>\n<p>\u2022 Tempo und die Modifikation des Tempos<br \/>\n\u2022 Struktur der musikalischen Phrasen<br \/>\n\u2022 Dynamische Prozesse:\u00a0strukturelle Dynamik und \u201cbelebte Linie\u201d<br \/>\n\u2022 Energie und Relaxing<br \/>\n\u2022 Klanggestaltung<br \/>\n\u2022 Pianistische Ausarbeitung und individuelle Gestaltung<\/p>\n<\/div><\/section><\/div><\/div><\/div><\/div><!-- close content main div --><\/div><\/div><div id='av_section_3'  class='avia-section av-1d1ws9-3de40023ee654e7cf411c4c7399d17f8 main_color avia-section-default avia-no-border-styling  avia-builder-el-9  el_after_av_section  avia-builder-el-last  avia-bg-style-scroll container_wrap fullsize'  ><div class='container av-section-cont-open' ><div class='template-page content  av-content-full alpha units'><div class='post-entry post-entry-type-page post-entry-5617'><div class='entry-content-wrapper clearfix'>\n\n<style type=\"text\/css\" data-created_by=\"avia_inline_auto\" id=\"style-css-av-dyyqh-6bd63d34516c1a2351f77dcbc03e092c\">\n.flex_column.av-dyyqh-6bd63d34516c1a2351f77dcbc03e092c{\n-webkit-border-radius:0px 0px 0px 0px;\n-moz-border-radius:0px 0px 0px 0px;\nborder-radius:0px 0px 0px 0px;\npadding:0px 0px 0px 0px;\n}\n<\/style>\n<div  class='flex_column av-dyyqh-6bd63d34516c1a2351f77dcbc03e092c av_one_full  avia-builder-el-10  avia-builder-el-no-sibling  first flex_column_div av-zero-column-padding  '     ><section  class='av_textblock_section av-lrkikbe1-8ffdaac17de2280cba7244a2abb199bf '   itemscope=\"itemscope\" itemtype=\"https:\/\/schema.org\/CreativeWork\" ><div class='avia_textblock'  itemprop=\"text\" ><h3><\/h3>\n<h3><span>Online Bach-Seminare<\/span><\/h3>\n<p><span>Weitere Informationen finden Sie auf der Website:<br \/>\n<\/span><span>International JS Bach Academy<br \/>\nin Memoriam Walter Blankenheim<\/span><\/p>\n<p><a href=\"https:\/\/www.thebachproject.de\/en\/\" target=\"_blank\" rel=\"noopener noreferrer\">www.thebachproject.de<\/a><\/p>\n<h3><\/h3>\n<h3><a href=\"https:\/\/www.thebachproject.de\/en\/\"><img decoding=\"async\" class=\"\" src=\"https:\/\/www.thebachproject.de\/wp-content\/uploads\/2021\/02\/text1076.png\" alt=\"International J. S. Bach Academy in Memoriam Walter Blankenheim\" width=\"317\" height=\"59\" \/><\/a><\/h3>\n<h3><\/h3>\n<\/div><\/section><\/div>\n<\/p>\n","protected":false},"excerpt":{"rendered":"","protected":false},"author":1,"featured_media":0,"parent":0,"menu_order":0,"comment_status":"closed","ping_status":"closed","template":"","meta":{"footnotes":""},"class_list":["post-5617","page","type-page","status-publish","hentry"],"_links":{"self":[{"href":"https:\/\/www.bach-competition.de\/de\/wp-json\/wp\/v2\/pages\/5617","targetHints":{"allow":["GET"]}}],"collection":[{"href":"https:\/\/www.bach-competition.de\/de\/wp-json\/wp\/v2\/pages"}],"about":[{"href":"https:\/\/www.bach-competition.de\/de\/wp-json\/wp\/v2\/types\/page"}],"author":[{"embeddable":true,"href":"https:\/\/www.bach-competition.de\/de\/wp-json\/wp\/v2\/users\/1"}],"replies":[{"embeddable":true,"href":"https:\/\/www.bach-competition.de\/de\/wp-json\/wp\/v2\/comments?post=5617"}],"version-history":[{"count":44,"href":"https:\/\/www.bach-competition.de\/de\/wp-json\/wp\/v2\/pages\/5617\/revisions"}],"predecessor-version":[{"id":6518,"href":"https:\/\/www.bach-competition.de\/de\/wp-json\/wp\/v2\/pages\/5617\/revisions\/6518"}],"wp:attachment":[{"href":"https:\/\/www.bach-competition.de\/de\/wp-json\/wp\/v2\/media?parent=5617"}],"curies":[{"name":"wp","href":"https:\/\/api.w.org\/{rel}","templated":true}]}}