{"id":5603,"date":"2017-04-08T23:00:40","date_gmt":"2017-04-08T23:00:40","guid":{"rendered":"http:\/\/www.bach-competition.de\/winners\/"},"modified":"2025-06-11T12:44:55","modified_gmt":"2025-06-11T12:44:55","slug":"winners","status":"publish","type":"page","link":"https:\/\/www.bach-competition.de\/de\/winners\/","title":{"rendered":"Preistr\u00e4ger"},"content":{"rendered":"<\/p>\n<div id='av_section_1'  class='avia-section av-lrp3hmhl-531496d8d56778fca5ca0801bb34ec24 main_color avia-section-default avia-no-border-styling  avia-builder-el-0  el_before_av_section  avia-builder-el-first  avia-bg-style-scroll container_wrap fullsize'  ><div class='container av-section-cont-open' ><main  role=\"main\" itemprop=\"mainContentOfPage\"  class='template-page content  av-content-full alpha units'><div class='post-entry post-entry-type-page post-entry-5603'><div class='entry-content-wrapper clearfix'>\n<div  class='flex_column av-12iuyr-cee76863f9866d6d8903c68b0a723155 av_four_fifth  avia-builder-el-1  avia-builder-el-no-sibling  first flex_column_div  '     ><section  class='av_textblock_section av-ls7x3xmy-1aff84c5667f896a4ca18eb230c1a399 '   itemscope=\"itemscope\" itemtype=\"https:\/\/schema.org\/CreativeWork\" ><div class='avia_textblock'  itemprop=\"text\" ><h3>Preistr\u00e4ger des<br \/>\nInternationalen Klavierwettbewerbs J.S. Bach<br \/>\nin Memoriam Walter Blankenheim<\/h3>\n<p><a href=\"https:\/\/www.youtube.com\/@IPCJSBMemWB\" target=\"_blank\" rel=\"noopener\"><img decoding=\"async\" class=\"alignnone wp-image-4557\" src=\"http:\/\/www.bach-competition.de\/wp-content\/uploads\/2024\/01\/youtube.png\" alt=\"\" width=\"160\" height=\"40\" srcset=\"https:\/\/www.bach-competition.de\/wp-content\/uploads\/2024\/01\/youtube.png 898w, https:\/\/www.bach-competition.de\/wp-content\/uploads\/2024\/01\/youtube-300x75.png 300w, https:\/\/www.bach-competition.de\/wp-content\/uploads\/2024\/01\/youtube-768x192.png 768w, https:\/\/www.bach-competition.de\/wp-content\/uploads\/2024\/01\/youtube-705x177.png 705w\" sizes=\"(max-width: 160px) 100vw, 160px\" \/><\/a><\/p>\n<\/div><\/section><\/div>\n\n<\/div><\/div><\/main><!-- close content main element --><\/div><\/div>\n<style type=\"text\/css\" data-created_by=\"avia_inline_auto\" id=\"style-css-av-v1ecj-71fcc08dc4844a96139b9c96db739a32\">\n.avia-section.av-v1ecj-71fcc08dc4844a96139b9c96db739a32{\nbackground-color:#dfe0e4;\nbackground-image:unset;\n}\n<\/style>\n<div id='av_section_2'  class='avia-section av-v1ecj-71fcc08dc4844a96139b9c96db739a32 main_color avia-section-default avia-no-border-styling  avia-builder-el-3  el_after_av_section  el_before_av_section  avia-bg-style-scroll container_wrap fullsize'  ><div class='container av-section-cont-open' ><div class='template-page content  av-content-full alpha units'><div class='post-entry post-entry-type-page post-entry-5603'><div class='entry-content-wrapper clearfix'>\n<div  class='flex_column av-rjncb-35bf3931b2307b2f60e29c423e447129 av_one_third  avia-builder-el-4  el_before_av_one_half  avia-builder-el-first  first flex_column_div  '     ><section  class='av_textblock_section av-l079f-cd9d04bf78265196c2cc61215d4aa389 '   itemscope=\"itemscope\" itemtype=\"https:\/\/schema.org\/CreativeWork\" ><div class='avia_textblock'  itemprop=\"text\" ><h3>12. Internationaler Klavierwettbewerb<br \/>\nJ.S. Bach<br \/>\nin Memoriam Walter Blankenheim<br \/>\n2024\/2025<\/h3>\n<\/div><\/section><\/div><div  class='flex_column av-ftysb-220e81889ab6260b62aa80dc723b5e27 av_one_half  avia-builder-el-6  el_after_av_one_third  avia-builder-el-last  flex_column_div  '     ><section  class='av_textblock_section av-8nb23-fb7266498e096afcade84a273ee4beec '   itemscope=\"itemscope\" itemtype=\"https:\/\/schema.org\/CreativeWork\" ><div class='avia_textblock'  itemprop=\"text\" ><p>1. Preis: GEORGI BOYKIN, Bulgarien *<br \/>\n1. Preis: JOSHUA HAN, Australien *<br \/>\n2. Preis: nicht vergeben<br \/>\n3. Preis: nicht vergeben<br \/>\n4. Preis: nicht vergeben<br \/>\nDiplom und Yamaha Sonderpreis:<br \/>\nMax Mostsovetski, Deutschland<br \/>\nDiplom: Antonio Alessandri, Italien<br \/>\nLobende Anerkennung: Dario Falcone, Italien<br \/>\nLobende Anerkennung: Anderson Popo Fitzjohn Chan, Hongkong<\/p>\n<p>* Der Erste Preis wurde nicht geteilt, sondern es wurden zwei\u00a0 gleichwertige Erste Preise vergeben<\/p>\n<\/div><\/section><\/div><\/div><\/div><\/div><!-- close content main div --><\/div><\/div><div id='av_section_3'  class='avia-section av-lrkwg1zq-8e3763dc1fa2b9d922aacfa11a832d87 main_color avia-section-default avia-no-border-styling  avia-builder-el-8  el_after_av_section  el_before_av_section  avia-bg-style-scroll container_wrap fullsize'  ><div class='container av-section-cont-open' ><div class='template-page content  av-content-full alpha units'><div class='post-entry post-entry-type-page post-entry-5603'><div class='entry-content-wrapper clearfix'>\n<div  class='flex_column av-5g5777-3c73d215fdbddd7a07b58048b95eb86d av_one_third  avia-builder-el-9  el_before_av_one_half  avia-builder-el-first  first flex_column_div  '     ><section  class='av_textblock_section av-lroyaqof-dc6e3b48e29d1d12e96077a06c7eb3bb '   itemscope=\"itemscope\" itemtype=\"https:\/\/schema.org\/CreativeWork\" ><div class='avia_textblock'  itemprop=\"text\" ><h3>11. Internationaler Klavierwettbewerb in Memoriam Walter Blankenheim 2021\/ 2022<br \/>\n(online Wettbewerb)<\/h3>\n<\/div><\/section><\/div><div  class='flex_column av-55p4mb-3b50af360536a53e9322e56d0ab94f0a av_one_half  avia-builder-el-11  el_after_av_one_third  avia-builder-el-last  flex_column_div  '     ><section  class='av_textblock_section av-lj76cvvv-d4f8ef681e5ac5ecbc4a9a3ef9e881eb '   itemscope=\"itemscope\" itemtype=\"https:\/\/schema.org\/CreativeWork\" ><div class='avia_textblock'  itemprop=\"text\" ><p>1. Preis: HONGYi SOPHIA CAI Australien<br \/>\n2. Preis: JULIEN COHEN Frankreich<br \/>\n3. Preis: MAI HIGUCHI Japan<br \/>\nDiplom A: Chung Hon Michael Cheng USA<br \/>\nDiplom A: Shion Ota Japan<br \/>\nLobende Erw\u00e4hnung: Seunghye Lee S\u00fcdkorea<\/p>\n<\/div><\/section><\/div>\n<\/p>\n<\/div><\/div><\/div><!-- close content main div --><\/div><\/div>\n<style type=\"text\/css\" data-created_by=\"avia_inline_auto\" id=\"style-css-av-3alk3-c57001399e54eda0ac23d2de9f0ffdf9\">\n.avia-section.av-3alk3-c57001399e54eda0ac23d2de9f0ffdf9{\nbackground-color:#dfe0e4;\nbackground-image:unset;\n}\n<\/style>\n<div id='av_section_4'  class='avia-section av-3alk3-c57001399e54eda0ac23d2de9f0ffdf9 main_color avia-section-default avia-no-border-styling  avia-builder-el-13  el_after_av_section  el_before_av_section  avia-bg-style-scroll container_wrap fullsize'  ><div class='container av-section-cont-open' ><div class='template-page content  av-content-full alpha units'><div class='post-entry post-entry-type-page post-entry-5603'><div class='entry-content-wrapper clearfix'>\n<div  class='flex_column av-qzy8j-6b779f08a26195aa8d18c77be1c31205 av_one_third  avia-builder-el-14  el_before_av_one_half  avia-builder-el-first  first flex_column_div  '     ><section  class='av_textblock_section av-jys1f-c3096ce34f3d3d501bdd0a2a026fe020 '   itemscope=\"itemscope\" itemtype=\"https:\/\/schema.org\/CreativeWork\" ><div class='avia_textblock'  itemprop=\"text\" ><h3>10. Internationaler Klavierwettbewerb<br \/>\nJ.S. Bach, W\u00fcrzburg 2019<\/h3>\n<\/div><\/section><\/div><div  class='flex_column av-1c4ir-0b4865cfd294aa5fb39716f96a124401 av_one_half  avia-builder-el-16  el_after_av_one_third  avia-builder-el-last  flex_column_div  '     ><section  class='av_textblock_section av-ba7q3-708826667e6da493e9e5b7963ab2b7f1 '   itemscope=\"itemscope\" itemtype=\"https:\/\/schema.org\/CreativeWork\" ><div class='avia_textblock'  itemprop=\"text\" ><p>1. Preis nicht vergeben<br \/>\n2. Preis NICHT vergeben<br \/>\n3. Preis Mattia Fusi, Italien<br \/>\n4. Preis Alexander Koryakin, Russland<br \/>\nDiplom: Iuchi Saori, Japan<br \/>\nDas Diplom: Joanna Krauze, Polen<br \/>\nPublikumspreis: Mattia Fusi, Italien<br \/>\nSonderpreis der Jury f\u00fcr die herausragende Interpretation der 4 Duette:<br \/>\nAlexander Koryakin, Russland<br \/>\nSonderpreis des Staatlichen Instituts f\u00fcr Musik A.G. Schnittke, Moskau (ein Konzertauftritt mit dem Kammerorchester des Schnittke-Instituts in St. Petersburg) UND Sonderpreis \u201eL\u00f6ffler-Preis\u201c (Klavierabend in Gotha im \u201eL\u00f6ffler-Haus\u201c w\u00e4hrend der Bachtage 2021:<br \/>\nJoanna Krauze, Polen<br \/>\nSonderpreis &#8211; der Walter Blankenheim Preis: Georgi Boykin, Bulgarien<br \/>\nSonderpreis &#8211; Yamaha Award:<br \/>\nPhilipp Adrian Voepel, Deutschland<br \/>\nSonderpreis \u201eFreunde von Bach in Erinnerung an Walter Blankenheim\u201c : Victoria Frances Young, USA<br \/>\nSonderpreis des Staatlichen Instituts f\u00fcr Musik A.G. Schnittke, Moskau (ein Konzertauftritt mit dem Kammerorchester des Schnittke-Instituts in Moskau) :<br \/>\nSergey Korolev, Russland\/Deutschland<\/p>\n<\/div><\/section><\/div>\n\n<\/div><\/div><\/div><!-- close content main div --><\/div><\/div><div id='av_section_5'  class='avia-section av-lrp3ht61-09f6b3fac790b1cc1e460bf920da8d36 main_color avia-section-default avia-no-border-styling  avia-builder-el-18  el_after_av_section  el_before_av_section  avia-bg-style-scroll container_wrap fullsize'  ><div class='container av-section-cont-open' ><div class='template-page content  av-content-full alpha units'><div class='post-entry post-entry-type-page post-entry-5603'><div class='entry-content-wrapper clearfix'>\n<div  class='flex_column av-4jv86j-0128c5ac7041b963d8ac002b0e878583 av_one_third  avia-builder-el-19  el_before_av_one_half  avia-builder-el-first  first flex_column_div  '     ><section  class='av_textblock_section av-lrp3puqx-f09ce9966ba8b1fff9eadd4fe0110d4c '   itemscope=\"itemscope\" itemtype=\"https:\/\/schema.org\/CreativeWork\" ><div class='avia_textblock'  itemprop=\"text\" ><h3>9. Internationaler Klavierwettbewerb J.S. Bach, W\u00fcrzburg 2016<\/h3>\n<\/div><\/section><\/div><div  class='flex_column av-4ei9f7-f7e3b719df7187034e414113a6432cb6 av_one_half  avia-builder-el-21  el_after_av_one_third  avia-builder-el-last  flex_column_div  '     ><section  class='av_textblock_section av-lrkw1462-bfdd16cb8dbf10048403be9c2362c3f9 '   itemscope=\"itemscope\" itemtype=\"https:\/\/schema.org\/CreativeWork\" ><div class='avia_textblock'  itemprop=\"text\" ><p>1. Preis nicht vergeben<br \/>\n2. Preis Maciej S\u0142api\u0144ski, Polen<br \/>\n3. Preis nicht vergeben<br \/>\n4. Preis Laurens de Man, Niederlande<br \/>\nDiplom: Max Nyberg, Schweden<br \/>\nDiplom: Georgi Boykin, Bulgarien<br \/>\nSonderpreis: Max Nyberg, Schweden f\u00fcr die Interpretation von Ricercar sechsstimmig von \u201eMusikalisches Opfer\u201c<br \/>\nSonderpreis \u201eGisela Skrzypietz\u201c: Maciej S\u0142api\u0144ski, Polen f\u00fcr die Interpretation von Pr\u00e4ludien und Fugen aus dem Wohltemperierten Klavier<br \/>\nLob und Anerkennung: Daae Jeon, S\u00fcdkorea<\/p>\n<\/div><\/section><\/div>\n\n<\/div><\/div><\/div><!-- close content main div --><\/div><\/div>\n<style type=\"text\/css\" data-created_by=\"avia_inline_auto\" id=\"style-css-av-13b1mj-29701e4fa2949487712a8f95fedc9f9e\">\n.avia-section.av-13b1mj-29701e4fa2949487712a8f95fedc9f9e{\nbackground-color:#dfe0e4;\nbackground-image:unset;\n}\n<\/style>\n<div id='av_section_6'  class='avia-section av-13b1mj-29701e4fa2949487712a8f95fedc9f9e main_color avia-section-default avia-no-border-styling  avia-builder-el-23  el_after_av_section  el_before_av_section  avia-bg-style-scroll container_wrap fullsize'  ><div class='container av-section-cont-open' ><div class='template-page content  av-content-full alpha units'><div class='post-entry post-entry-type-page post-entry-5603'><div class='entry-content-wrapper clearfix'>\n<div  class='flex_column av-3zwo4j-606bc921bf9fc444103c3eb0d119a71f av_one_third  avia-builder-el-24  el_before_av_one_half  avia-builder-el-first  first flex_column_div  '     ><section  class='av_textblock_section av-lrp3rbe7-cc2ab008e507d907711b744496dd94a3 '   itemscope=\"itemscope\" itemtype=\"https:\/\/schema.org\/CreativeWork\" ><div class='avia_textblock'  itemprop=\"text\" ><h3>8. Internationaler Klavierwettbewerb J.S. Bach, W\u00fcrzburg 2013<\/h3>\n<\/div><\/section><\/div><div  class='flex_column av-3xlxqb-b71a32c26102844a56e5dccc6a0d5391 av_one_half  avia-builder-el-26  el_after_av_one_third  avia-builder-el-last  flex_column_div  '     ><section  class='av_textblock_section av-xl7wj-0121423f649c7611a6f504ae3ffdf528 '   itemscope=\"itemscope\" itemtype=\"https:\/\/schema.org\/CreativeWork\" ><div class='avia_textblock'  itemprop=\"text\" ><p>1. Preis nicht vergeben<br \/>\n2. Preis Dani\u00ebl van der Hoeven, Niederlande<br \/>\n3. Preis Rosamaria Bene, Italien<br \/>\n4. Preis Ai Kayukawa, Japan<br \/>\n4. Preis Naoya Fujiwara, Japan<\/p>\n<p>Sonderpreis der Jury<\/p>\n<p>Victoria Young, USA f\u00fcr die herausragende Interpretation von Contrapunctus Nr. 4 und Contrapunctus Nr. 8 aus \u201eArt of Fugue\u201c.<\/p>\n<\/div><\/section><\/div>\n\n<\/div><\/div><\/div><!-- close content main div --><\/div><\/div><div id='av_section_7'  class='avia-section av-lrkwn6hb-6d3c1707acc7a997c687954c86ae4d79 main_color avia-section-default avia-no-border-styling  avia-builder-el-28  el_after_av_section  el_before_av_section  avia-bg-style-scroll container_wrap fullsize'  ><div class='container av-section-cont-open' ><div class='template-page content  av-content-full alpha units'><div class='post-entry post-entry-type-page post-entry-5603'><div class='entry-content-wrapper clearfix'>\n<div  class='flex_column av-3iqz8r-d8c2613c9d95dd6b99776403480aae98 av_one_third  avia-builder-el-29  el_before_av_one_half  avia-builder-el-first  first flex_column_div  '     ><section  class='av_textblock_section av-lrp3s9ng-1fd2e4306e1fc2987d58f3f4faf427e7 '   itemscope=\"itemscope\" itemtype=\"https:\/\/schema.org\/CreativeWork\" ><div class='avia_textblock'  itemprop=\"text\" ><h3>7. Internationaler Klavierwettbewerb J.S. Bach, W\u00fcrzburg 2010<\/h3>\n<\/div><\/section><\/div><div  class='flex_column av-3f5lu3-05ba6ed5aedb91f7c5aba0a2d9e1814a av_one_half  avia-builder-el-31  el_after_av_one_third  avia-builder-el-last  flex_column_div  '     ><section  class='av_textblock_section av-lrkw3xh9-8aa192ca84193760d8286f02eb34c52e '   itemscope=\"itemscope\" itemtype=\"https:\/\/schema.org\/CreativeWork\" ><div class='avia_textblock'  itemprop=\"text\" ><p>1. Preis nicht vergeben<br \/>\n2. Preis nicht vergeben<br \/>\n3. Preis Hilda Huang, USA<br \/>\n4. Preis \u00c1gnes Juh\u00e1sz, Ungarn<br \/>\n4. Preis Rosamaria Bene, Italien<\/p>\n<p>Diplome<\/p>\n<p>Kirill Monorosi, Australien<br \/>\nElizaveta Ivanova, Russland<\/p>\n<\/div><\/section><\/div>\n\n<\/div><\/div><\/div><!-- close content main div --><\/div><\/div>\n<style type=\"text\/css\" data-created_by=\"avia_inline_auto\" id=\"style-css-av-lrp3l5xg-7238b68f1502c521f1ab6994d5d633fe\">\n.avia-section.av-lrp3l5xg-7238b68f1502c521f1ab6994d5d633fe{\nbackground-color:#dfe0e4;\nbackground-image:unset;\n}\n<\/style>\n<div id='av_section_8'  class='avia-section av-lrp3l5xg-7238b68f1502c521f1ab6994d5d633fe main_color avia-section-default avia-no-border-styling  avia-builder-el-33  el_after_av_section  el_before_av_section  avia-bg-style-scroll container_wrap fullsize'  ><div class='container av-section-cont-open' ><div class='template-page content  av-content-full alpha units'><div class='post-entry post-entry-type-page post-entry-5603'><div class='entry-content-wrapper clearfix'>\n<div  class='flex_column av-306n23-16d0ba3caa745035df30c216da798d24 av_one_third  avia-builder-el-34  el_before_av_one_half  avia-builder-el-first  first flex_column_div  '     ><section  class='av_textblock_section av-lrkw58md-7584d8ae641a4954e53428228f841339 '   itemscope=\"itemscope\" itemtype=\"https:\/\/schema.org\/CreativeWork\" ><div class='avia_textblock'  itemprop=\"text\" ><h3>6. Internationaler Klavierwettbewerb J.S. Bach, W\u00fcrzburg 2007<\/h3>\n<\/div><\/section><\/div><div  class='flex_column av-2wuqp7-9e02c013b16325bdf9af4c18836a889d av_one_half  avia-builder-el-36  el_after_av_one_third  avia-builder-el-last  flex_column_div  '     ><section  class='av_textblock_section av-lrp3syqx-855388749af685065304da462ce7595a '   itemscope=\"itemscope\" itemtype=\"https:\/\/schema.org\/CreativeWork\" ><div class='avia_textblock'  itemprop=\"text\" ><p>1. Preis Esther Birringer, Deutschland<br \/>\n2. Preis Yukiko Nakai, Japan<br \/>\n3. Preis Kirill Zwegintsow, Ukraine<br \/>\n4. Preis Rie Kawata, Japan<\/p>\n<p>Diplome<\/p>\n<p>Sholpan Barlykova, Russland<br \/>\nRosamaria Bene, Italien<br \/>\nAndreas Hecker, Deutschland<\/p>\n<p>Sonderpreis der Jury f\u00fcr eine franz\u00f6sische Suite<\/p>\n<p>Olga Witthauer, Deutschland<\/p>\n<\/div><\/section><\/div>\n\n<\/div><\/div><\/div><!-- close content main div --><\/div><\/div><div id='av_section_9'  class='avia-section av-lrp3yet2-4b25ef8b05bc2e06a1006d00ab34aaf8 main_color avia-section-default avia-no-border-styling  avia-builder-el-38  el_after_av_section  el_before_av_section  avia-bg-style-scroll container_wrap fullsize'  ><div class='container av-section-cont-open' ><div class='template-page content  av-content-full alpha units'><div class='post-entry post-entry-type-page post-entry-5603'><div class='entry-content-wrapper clearfix'>\n<div  class='flex_column av-2lsakb-61743d92589a42d0b563e8dd91d98443 av_one_third  avia-builder-el-39  el_before_av_one_half  avia-builder-el-first  first flex_column_div  '     ><section  class='av_textblock_section av-lrkw5r4r-2d5ee517c59cf021b899eaf6e43c40b5 '   itemscope=\"itemscope\" itemtype=\"https:\/\/schema.org\/CreativeWork\" ><div class='avia_textblock'  itemprop=\"text\" ><h3>5. Internationaler Klavierwettbewerb J.S. Bach, Saarbr\u00fccken 2004<\/h3>\n<\/div><\/section><\/div><div  class='flex_column av-2gmf7f-1e766012ec9b7b20a66258ecd1abf399 av_one_half  avia-builder-el-41  el_after_av_one_third  avia-builder-el-last  flex_column_div  '     ><section  class='av_textblock_section av-lrp3tl5h-ccca562f691e1827baa11d1245869b80 '   itemscope=\"itemscope\" itemtype=\"https:\/\/schema.org\/CreativeWork\" ><div class='avia_textblock'  itemprop=\"text\" ><p>1. Preis Chih-Yu Chen, Taiwan<br \/>\n3. Preis Maria Perrotta, Italien<\/p>\n<p>Diplome<\/p>\n<p>Esther Birringer, Deutschland<br \/>\nMyoung-Joon Cho, Korea<br \/>\nEun-Jung Kim, Korea<br \/>\nSe hwa Yoon, Korea<\/p>\n<p>Sonderpreis<\/p>\n<p>Oleksandra Pershyna, Ukraine<\/p>\n<p>Lob und Anerkennung<\/p>\n<p>Anne Salie, Deutschland<br \/>\nJorge Garcia Herranz, Spanien<br \/>\nAdam Szvoren, Ungarn<\/p>\n<\/div><\/section><\/div>\n\n<\/div><\/div><\/div><!-- close content main div --><\/div><\/div>\n<style type=\"text\/css\" data-created_by=\"avia_inline_auto\" id=\"style-css-av-lrp3yoxm-8cdd2403f45ecce82ab24c559eecaf20\">\n.avia-section.av-lrp3yoxm-8cdd2403f45ecce82ab24c559eecaf20{\nbackground-color:#dfe0e4;\nbackground-image:unset;\n}\n<\/style>\n<div id='av_section_10'  class='avia-section av-lrp3yoxm-8cdd2403f45ecce82ab24c559eecaf20 main_color avia-section-default avia-no-border-styling  avia-builder-el-43  el_after_av_section  el_before_av_section  avia-bg-style-scroll container_wrap fullsize'  ><div class='container av-section-cont-open' ><div class='template-page content  av-content-full alpha units'><div class='post-entry post-entry-type-page post-entry-5603'><div class='entry-content-wrapper clearfix'>\n<div  class='flex_column av-225p2b-25764948f3a31362eea1c6bd02fcee4b av_one_third  avia-builder-el-44  el_before_av_one_half  avia-builder-el-first  first flex_column_div  '     ><section  class='av_textblock_section av-lrkw7kif-1a01f74a9231c8467071b8f66ce7f067 '   itemscope=\"itemscope\" itemtype=\"https:\/\/schema.org\/CreativeWork\" ><div class='avia_textblock'  itemprop=\"text\" ><h3>4. Internationaler Klavierwettbewerb J.S. Bach, Saarbr\u00fccken 2001<\/h3>\n<\/div><\/section><\/div><div  class='flex_column av-1xvycb-d90fc27ed5014ed8553540b7d6146763 av_one_half  avia-builder-el-46  el_after_av_one_third  avia-builder-el-last  flex_column_div  '     ><section  class='av_textblock_section av-lrp3u6ue-b5370261de046214a949da549109760d '   itemscope=\"itemscope\" itemtype=\"https:\/\/schema.org\/CreativeWork\" ><div class='avia_textblock'  itemprop=\"text\" ><p>1. Preis Gianluca Luisi, Italien<br \/>\n2. Preis Keiko Ishitobi, Japan<br \/>\n2. Preis Maria K.-Westerman, Russland<br \/>\n3. Preis Marina Ivanova, Russland<br \/>\n3. Preis Gerold Huber, Deutschland<br \/>\n4. Preis Eri Nakamura, Japan<\/p>\n<p>Diplome<\/p>\n<p>Chih-Yu Chen, Taiwan<br \/>\nAve Kruup, Estland<\/p>\n<p>Besondere Preise<\/p>\n<p>Young-Sook Cho, S\u00fcd-Korea<br \/>\nNatalia Kaiser, Deutschland<br \/>\nNaoya Seino, Japan<\/p>\n<p>Lob und Anerkennung<\/p>\n<p>Jorge Garc\u00eda Herranz, Spanien<\/p>\n<\/div><\/section><\/div>\n\n<\/div><\/div><\/div><!-- close content main div --><\/div><\/div><div id='av_section_11'  class='avia-section av-lrp3yx4d-77c3a496438f55ff21489a95d7d606c5 main_color avia-section-default avia-no-border-styling  avia-builder-el-48  el_after_av_section  el_before_av_section  avia-bg-style-scroll container_wrap fullsize'  ><div class='container av-section-cont-open' ><div class='template-page content  av-content-full alpha units'><div class='post-entry post-entry-type-page post-entry-5603'><div class='entry-content-wrapper clearfix'>\n<div  class='flex_column av-1ijw43-3104df73fc916572bfbe37d8ab0667b2 av_one_third  avia-builder-el-49  el_before_av_one_half  avia-builder-el-first  first flex_column_div  '     ><section  class='av_textblock_section av-lrkw90zs-b6a4b7c3f16654ef55cae113fcbf0e24 '   itemscope=\"itemscope\" itemtype=\"https:\/\/schema.org\/CreativeWork\" ><div class='avia_textblock'  itemprop=\"text\" ><h3>3. Internationaler Klavierwettbewerb J.S. Bach, Saarbr\u00fccken 1998<\/h3>\n<\/div><\/section><\/div><div  class='flex_column av-1dr4z7-387204982364739f44f7eea47d577a35 av_one_half  avia-builder-el-51  el_after_av_one_third  avia-builder-el-last  flex_column_div  '     ><section  class='av_textblock_section av-lrp3utij-bc6316d08609c26a16f088baee8c8f91 '   itemscope=\"itemscope\" itemtype=\"https:\/\/schema.org\/CreativeWork\" ><div class='avia_textblock'  itemprop=\"text\" ><p>1. Preis nicht vergeben<br \/>\n2. Preis Yorck Kronenberg, Deutschland<br \/>\n3. Preis Inga Kazanteva, Russland<br \/>\n4. Preis Marrett Popp, Deutschland<br \/>\n4. Preis Christopher Hinterhuber, \u00d6sterreich<\/p>\n<p>Diplom<\/p>\n<p>Marina Ivanova, Russland<\/p>\n<p>Lob und W\u00fcrdigung<\/p>\n<p>Ludmilla Hallaeva, Russland<br \/>\nThomas Walczak, Deutschland<\/p>\n<\/div><\/section><\/div>\n\n<\/div><\/div><\/div><!-- close content main div --><\/div><\/div>\n<style type=\"text\/css\" data-created_by=\"avia_inline_auto\" id=\"style-css-av-lrp3z3q1-42afce2c64f0fafaa711c87de4785808\">\n.avia-section.av-lrp3z3q1-42afce2c64f0fafaa711c87de4785808{\nbackground-color:#dfe0e4;\nbackground-image:unset;\n}\n<\/style>\n<div id='av_section_12'  class='avia-section av-lrp3z3q1-42afce2c64f0fafaa711c87de4785808 main_color avia-section-default avia-no-border-styling  avia-builder-el-53  el_after_av_section  el_before_av_section  avia-bg-style-scroll container_wrap fullsize'  ><div class='container av-section-cont-open' ><div class='template-page content  av-content-full alpha units'><div class='post-entry post-entry-type-page post-entry-5603'><div class='entry-content-wrapper clearfix'>\n<div  class='flex_column av-12pjpf-62de1a5d7144608a75297fb3304cef9d av_one_third  avia-builder-el-54  el_before_av_one_half  avia-builder-el-first  first flex_column_div  '     ><section  class='av_textblock_section av-lrkw9j8w-c3c643d6579fab13de4f4dd7f8493ff3 '   itemscope=\"itemscope\" itemtype=\"https:\/\/schema.org\/CreativeWork\" ><div class='avia_textblock'  itemprop=\"text\" ><h3>2. Internationaler Klavierwettbewerb J.S. Bach, Saarbr\u00fccken 1995<\/h3>\n<\/div><\/section><\/div><div  class='flex_column av-36i6j-613534bfd4915b37b73464154bf613dd av_one_half  avia-builder-el-56  el_after_av_one_third  avia-builder-el-last  flex_column_div  '     ><section  class='av_textblock_section av-lrp3vdla-52744af821dedf6d91b6b7b479638d79 '   itemscope=\"itemscope\" itemtype=\"https:\/\/schema.org\/CreativeWork\" ><div class='avia_textblock'  itemprop=\"text\" ><p>1. Preis Andrea Padova, Italien<br \/>\n2. Preis Nataliya Kislenko, Russland<br \/>\n3. Preis Andreas Woyke, Deutschland<br \/>\n3. Preis Anton Boldyrev, Russland<\/p>\n<p>Diplom<\/p>\n<p>Julia Schirinova, Usbekistan<br \/>\nAlexeij Krasnoskulov, Russland<\/p>\n<p>Lob und Danksagung<\/p>\n<p>Marina Ivanova, Russland<br \/>\nMariya Massycheva, Russland<\/p>\n<\/div><\/section><\/div>\n\n<\/div><\/div><\/div><!-- close content main div --><\/div><\/div><div id='av_section_13'  class='avia-section av-lrp3zaim-b4559c5a15e9583038167f33913625a5 main_color avia-section-default avia-no-border-styling  avia-builder-el-58  el_after_av_section  avia-builder-el-last  avia-bg-style-scroll container_wrap fullsize'  ><div class='container av-section-cont-open' ><div class='template-page content  av-content-full alpha units'><div class='post-entry post-entry-type-page post-entry-5603'><div class='entry-content-wrapper clearfix'>\n<div  class='flex_column av-kjrfv-d972898e314fea62227d7912c4cd4141 av_one_third  avia-builder-el-59  el_before_av_one_half  avia-builder-el-first  first flex_column_div  '     ><section  class='av_textblock_section av-lrkw9v8e-ad15fe1c43c86197d644d682d81cd1f3 '   itemscope=\"itemscope\" itemtype=\"https:\/\/schema.org\/CreativeWork\" ><div class='avia_textblock'  itemprop=\"text\" ><h3>1. Internationaler Klavierwettbewerb J.S. Bach, Saarbr\u00fccken 1992<\/h3>\n<\/div><\/section><\/div><div  class='flex_column av-enp6j-bbb5fb8498b384f4f1a5409b2164eaad av_one_half  avia-builder-el-61  el_after_av_one_third  avia-builder-el-last  flex_column_div  '     ><section  class='av_textblock_section av-lrp3vxf1-b2b96c8a6b8536fc35de79f68edab98a '   itemscope=\"itemscope\" itemtype=\"https:\/\/schema.org\/CreativeWork\" ><div class='avia_textblock'  itemprop=\"text\" ><p>1. Preis Ekaterina Dershavina, Russland<br \/>\n2. Preis Nana Mamaeva, Ukraine<br \/>\n3. Preis Nataliya Kislenko, Russland<br \/>\n3. Preis Elena Metelskaya, Belarus<br \/>\n4. Preis Andrea Padova, Italien<br \/>\n4. Preis Kalvis Jordans, Lettland<\/p>\n<\/div><\/section><\/div>\n\n","protected":false},"excerpt":{"rendered":"","protected":false},"author":1,"featured_media":0,"parent":0,"menu_order":0,"comment_status":"closed","ping_status":"closed","template":"","meta":{"footnotes":""},"class_list":["post-5603","page","type-page","status-publish","hentry"],"_links":{"self":[{"href":"https:\/\/www.bach-competition.de\/de\/wp-json\/wp\/v2\/pages\/5603","targetHints":{"allow":["GET"]}}],"collection":[{"href":"https:\/\/www.bach-competition.de\/de\/wp-json\/wp\/v2\/pages"}],"about":[{"href":"https:\/\/www.bach-competition.de\/de\/wp-json\/wp\/v2\/types\/page"}],"author":[{"embeddable":true,"href":"https:\/\/www.bach-competition.de\/de\/wp-json\/wp\/v2\/users\/1"}],"replies":[{"embeddable":true,"href":"https:\/\/www.bach-competition.de\/de\/wp-json\/wp\/v2\/comments?post=5603"}],"version-history":[{"count":27,"href":"https:\/\/www.bach-competition.de\/de\/wp-json\/wp\/v2\/pages\/5603\/revisions"}],"predecessor-version":[{"id":6823,"href":"https:\/\/www.bach-competition.de\/de\/wp-json\/wp\/v2\/pages\/5603\/revisions\/6823"}],"wp:attachment":[{"href":"https:\/\/www.bach-competition.de\/de\/wp-json\/wp\/v2\/media?parent=5603"}],"curies":[{"name":"wp","href":"https:\/\/api.w.org\/{rel}","templated":true}]}}